{"id":1176,"date":"2023-11-24T00:02:09","date_gmt":"2023-11-24T00:02:09","guid":{"rendered":"https:\/\/roulaitte.com\/?page_id=1176"},"modified":"2023-11-24T07:11:31","modified_gmt":"2023-11-24T07:11:31","slug":"privacy-and-cookies-policy","status":"publish","type":"page","link":"https:\/\/roulaitte.com\/es\/privacy-and-cookies-policy\/","title":{"rendered":"Pol\u00edtica de privacidad y cookies"},"content":{"rendered":"<div data-elementor-type=\"wp-page\" data-elementor-id=\"1176\" class=\"elementor elementor-1176\" data-elementor-post-type=\"page\">\n\t\t\t\t\t\t\t<div class=\"elementor-element elementor-element-37b2748 e-flex e-con-boxed e-con e-parent\" data-id=\"37b2748\" data-element_type=\"container\" data-settings=\"{&quot;content_width&quot;:&quot;boxed&quot;}\" data-core-v316-plus=\"true\">\n\t\t\t\t\t<div class=\"e-con-inner\">\n\t\t\t\t<div class=\"elementor-element elementor-element-6ed48b6 elementor-widget elementor-widget-spacer\" data-id=\"6ed48b6\" data-element_type=\"widget\" data-widget_type=\"spacer.default\">\n\t\t\t\t<div class=\"elementor-widget-container\">\n\t\t\t<style>\/*! elementor - v3.16.0 - 20-09-2023 *\/\n.elementor-column .elementor-spacer-inner{height:var(--spacer-size)}.e-con{--container-widget-width:100%}.e-con-inner>.elementor-widget-spacer,.e-con>.elementor-widget-spacer{width:var(--container-widget-width,var(--spacer-size));--align-self:var(--container-widget-align-self,initial);--flex-shrink:0}.e-con-inner>.elementor-widget-spacer>.elementor-widget-container,.e-con>.elementor-widget-spacer>.elementor-widget-container{height:100%;width:100%}.e-con-inner>.elementor-widget-spacer>.elementor-widget-container>.elementor-spacer,.e-con>.elementor-widget-spacer>.elementor-widget-container>.elementor-spacer{height:100%}.e-con-inner>.elementor-widget-spacer>.elementor-widget-container>.elementor-spacer>.elementor-spacer-inner,.e-con>.elementor-widget-spacer>.elementor-widget-container>.elementor-spacer>.elementor-spacer-inner{height:var(--container-widget-height,var(--spacer-size))}.e-con-inner>.elementor-widget-spacer.elementor-widget-empty,.e-con>.elementor-widget-spacer.elementor-widget-empty{position:relative;min-height:22px;min-width:22px}.e-con-inner>.elementor-widget-spacer.elementor-widget-empty .elementor-widget-empty-icon,.e-con>.elementor-widget-spacer.elementor-widget-empty .elementor-widget-empty-icon{position:absolute;top:0;bottom:0;left:0;right:0;margin:auto;padding:0;width:22px;height:22px}<\/style>\t\t<div class=\"elementor-spacer\">\n\t\t\t<div class=\"elementor-spacer-inner\"><\/div>\n\t\t<\/div>\n\t\t\t\t<\/div>\n\t\t\t\t<\/div>\n\t\t\t\t\t<\/div>\n\t\t\t\t<\/div>\n\t\t<div class=\"elementor-element elementor-element-3ab1559 e-flex e-con-boxed e-con e-parent\" data-id=\"3ab1559\" data-element_type=\"container\" data-settings=\"{&quot;content_width&quot;:&quot;boxed&quot;}\" data-core-v316-plus=\"true\">\n\t\t\t\t\t<div class=\"e-con-inner\">\n\t\t\t\t<div class=\"elementor-element elementor-element-5a4f9fb elementor-widget elementor-widget-heading\" data-id=\"5a4f9fb\" data-element_type=\"widget\" data-widget_type=\"heading.default\">\n\t\t\t\t<div class=\"elementor-widget-container\">\n\t\t\t<style>\/*! elementor - v3.16.0 - 20-09-2023 *\/\n.elementor-heading-title{padding:0;margin:0;line-height:1}.elementor-widget-heading .elementor-heading-title[class*=elementor-size-]>a{color:inherit;font-size:inherit;line-height:inherit}.elementor-widget-heading .elementor-heading-title.elementor-size-small{font-size:15px}.elementor-widget-heading .elementor-heading-title.elementor-size-medium{font-size:19px}.elementor-widget-heading .elementor-heading-title.elementor-size-large{font-size:29px}.elementor-widget-heading .elementor-heading-title.elementor-size-xl{font-size:39px}.elementor-widget-heading .elementor-heading-title.elementor-size-xxl{font-size:59px}<\/style><h2 class=\"elementor-heading-title elementor-size-default\">POL\u00cdTICA DE PRIVACIDAD Y COOKIES<\/h2>\t\t<\/div>\n\t\t\t\t<\/div>\n\t\t\t\t<div class=\"elementor-element elementor-element-5855f6a elementor-widget elementor-widget-text-editor\" data-id=\"5855f6a\" data-element_type=\"widget\" data-widget_type=\"text-editor.default\">\n\t\t\t\t<div class=\"elementor-widget-container\">\n\t\t\t<style>\/*! elementor - v3.16.0 - 20-09-2023 *\/\n.elementor-widget-text-editor.elementor-drop-cap-view-stacked .elementor-drop-cap{background-color:#69727d;color:#fff}.elementor-widget-text-editor.elementor-drop-cap-view-framed .elementor-drop-cap{color:#69727d;border:3px solid;background-color:transparent}.elementor-widget-text-editor:not(.elementor-drop-cap-view-default) .elementor-drop-cap{margin-top:8px}.elementor-widget-text-editor:not(.elementor-drop-cap-view-default) .elementor-drop-cap-letter{width:1em;height:1em}.elementor-widget-text-editor .elementor-drop-cap{float:left;text-align:center;line-height:1;font-size:50px}.elementor-widget-text-editor .elementor-drop-cap-letter{display:inline-block}<\/style>\t\t\t\t<ol><li><span style=\"font-weight: 400;\">\u00a0Informaci\u00f3n que recopilamos sobre usted<\/span><\/li><\/ol><p><span style=\"font-weight: 400;\">Los tipos de informaci\u00f3n que recopilamos sobre usted cuando visita e interact\u00faa con este sitio son:<\/span><\/p><ul><li><span style=\"font-weight: 400;\">Sus datos de contacto, como el nombre y la direcci\u00f3n de correo electr\u00f3nico donde se comunic\u00f3 con nosotros a trav\u00e9s de este sitio; o<\/span><\/li><li><span style=\"font-weight: 400;\">Si ha aceptado las cookies, datos como las preferencias de su sitio o la configuraci\u00f3n de idioma. Tambi\u00e9n podemos utilizar esta informaci\u00f3n de manera agregada para comprender c\u00f3mo nuestros visitantes navegan en este sitio y poder mejorarlo.<\/span><\/li><\/ul><p><span style=\"font-weight: 400;\">Las cookies siguen los requisitos del RGPD. No recopilaremos intencionalmente ninguna informaci\u00f3n de ninguna persona menor de 13 a\u00f1os. Nuestro sitio web y nuestros servicios est\u00e1n dirigidos a personas mayores de 18 a\u00f1os.<\/span><\/p><ol><li><span style=\"font-weight: 400;\">Informaci\u00f3n personal \u2013Datos de membres\u00eda<\/span><\/li><\/ol><p><span style=\"font-weight: 400;\">\u00a0<\/span><\/p><p><span style=\"font-weight: 400;\">Recopilamos su informaci\u00f3n personal:<\/span><\/p><p><span style=\"font-weight: 400;\">\u2013 Si crea una cuenta con nosotros, utilizaremos cookies para la gesti\u00f3n del proceso de registro y la administraci\u00f3n general. Estas cookies generalmente se eliminar\u00e1n cuando cierre sesi\u00f3n. Sin embargo, en algunos casos, es posible que permanezcan despu\u00e9s para recordar las preferencias de su sitio cuando cierre la sesi\u00f3n.<\/span><\/p><p><span style=\"font-weight: 400;\">-Utilizamos cookies cuando usted inicia sesi\u00f3n para que podamos recordar este hecho. Esto evita que tengas que iniciar sesi\u00f3n cada vez que visites una p\u00e1gina nueva. Por lo general, estas cookies se eliminan o borran cuando cierra sesi\u00f3n para garantizar que solo pueda acceder a funciones y \u00e1reas restringidas cuando inicie sesi\u00f3n.<\/span><\/p><p><span style=\"font-weight: 400;\">\u2013 Para poder emitir un recibo por servicios pagos, tambi\u00e9n necesitamos recopilar datos de contacto adicionales sobre usted o su empresa, como nombre completo, correo electr\u00f3nico, direcci\u00f3n de contacto, nombre comercial y actividad comercial. No recopilamos ni almacenamos la informaci\u00f3n de su tarjeta de cr\u00e9dito. Todos los pagos se cobran mediante tarjetas de cr\u00e9dito; por lo tanto, tambi\u00e9n podemos almacenar el ID de la transacci\u00f3n de Paypal.<\/span><\/p><p><span style=\"font-weight: 400;\">\u00a0<\/span><\/p><ol><li><span style=\"font-weight: 400;\">Participaci\u00f3n en encuestas a trav\u00e9s de Roulaitte.com<\/span><\/li><\/ol><p><span style=\"font-weight: 400;\">Ocasionalmente, ofrecemos encuestas y cuestionarios a los usuarios para brindarle informaci\u00f3n interesante, herramientas \u00fatiles o comprender nuestra base de usuarios con mayor precisi\u00f3n. Estas encuestas pueden utilizar cookies para recordar qui\u00e9n ya particip\u00f3 en una encuesta o para brindarle resultados precisos despu\u00e9s de cambiar de p\u00e1gina. Para brindarle una excelente experiencia en este sitio, brindamos la funcionalidad para establecer sus preferencias sobre c\u00f3mo se ejecuta este sitio cuando lo usa. Para recordar sus preferencias, necesitamos configurar cookies para que se pueda acceder a esta informaci\u00f3n cada vez que interact\u00faa con una p\u00e1gina que se ve afectada por sus preferencias.<\/span><\/p><ol><li><span style=\"font-weight: 400;\">Tratamiento de sus Datos personales<\/span><\/li><\/ol><p><span style=\"font-weight: 400;\">Roulaitte.com tratar\u00e1 sus datos personales en base a:<\/span><\/p><p><span style=\"font-weight: 400;\">\u2013 Nuestros intereses comerciales leg\u00edtimos, por ejemplo, prestaci\u00f3n de servicios, preferencias en juegos de ruleta de casino, resultados anteriores de participaci\u00f3n en el servicio, marketing directo y mejora de nuestros servicios. Siempre que nos basamos en esta base legal para procesar sus datos, evaluamos nuestros intereses comerciales para asegurarnos de que no anulen sus derechos. Adem\u00e1s, en algunos casos usted tiene derecho a oponerse a este tratamiento.<\/span><\/p><p><span style=\"font-weight: 400;\">\u2013 Consentimiento que usted proporciona cuando Roulaitte.com no se basa en otra base legal. El consentimiento siempre se le presentar\u00e1 por separado, podr\u00e1 retirarlo en cualquier momento y se le dar\u00e1n detalles sobre c\u00f3mo cambiar de opini\u00f3n.<\/span><\/p><ol><li><span style=\"font-weight: 400;\">Compartir datos personales<\/span><\/li><\/ol><p><span style=\"font-weight: 400;\">Algunos de los servicios o informaci\u00f3n que usted pueda solicitar en este sitio pueden provenir de otros miembros de nuestro Grupo corporativo. Por lo tanto, podemos compartir su informaci\u00f3n con otras empresas dentro del Grupo Roulaitte (exclusivamente Subcontratistas\/terceros de confianza). Las leyes de los pa\u00edses donde tienen su sede estas empresas pueden no ser las mismas que las de la UE, pero su informaci\u00f3n ser\u00e1 tratada con el mismo alto nivel de cuidado dondequiera que se procese dentro de la familia corporativa.<\/span><\/p><ol><li><span style=\"font-weight: 400;\">Deshabilitar las cookies<\/span><\/li><\/ol><p><span style=\"font-weight: 400;\">Puede evitar la configuraci\u00f3n de cookies ajustando la configuraci\u00f3n de su navegador (consulte la Ayuda de su navegador para saber c\u00f3mo hacerlo). Tenga en cuenta que deshabilitar las cookies afectar\u00e1 la funcionalidad de este y muchos otros sitios web que visite. Deshabilitar las cookies generalmente resultar\u00e1 en la deshabilitaci\u00f3n de ciertas funciones y caracter\u00edsticas de este sitio. Por ello, se recomienda que no desactive las cookies.<\/span><\/p><ol><li><span style=\"font-weight: 400;\">Cookies de terceros<\/span><\/li><\/ol><p><span style=\"font-weight: 400;\">En algunos casos especiales, tambi\u00e9n utilizamos cookies proporcionadas por terceros de confianza. La siguiente secci\u00f3n detalla qu\u00e9 cookies de terceros puede encontrar a trav\u00e9s de este sitio.<\/span><\/p><p><span style=\"font-weight: 400;\">Este sitio utiliza Google Analytics, que es una de las soluciones de an\u00e1lisis m\u00e1s extendidas y confiables en la web para ayudarnos a comprender c\u00f3mo utiliza el sitio y las formas en que podemos mejorar su experiencia. Estas cookies pueden rastrear cosas como cu\u00e1nto tiempo pasa en el sitio y las p\u00e1ginas que visita para que podamos continuar produciendo contenido atractivo.<\/span><\/p><p><span style=\"font-weight: 400;\">Se utilizan an\u00e1lisis de terceros para rastrear y medir el uso de este sitio para que podamos continuar produciendo contenido atractivo. Estas cookies pueden rastrear aspectos como el tiempo que pasa en el sitio o las p\u00e1ginas que visita, lo que nos ayuda a comprender c\u00f3mo podemos mejorar el sitio para usted.<\/span><\/p><p><span style=\"font-weight: 400;\">De vez en cuando, probamos nuevas funciones y realizamos cambios sutiles en la forma en que se entrega el sitio. Cuando todav\u00eda estamos probando nuevas funciones, estas cookies se pueden utilizar para garantizar que reciba una experiencia consistente mientras est\u00e9 en el sitio y al mismo tiempo garantizar que comprendamos qu\u00e9 optimizaciones aprecian m\u00e1s nuestros usuarios.<\/span><\/p><p><span style=\"font-weight: 400;\">A medida que vendemos Servicios, es importante para nosotros comprender las estad\u00edsticas sobre cu\u00e1ntos visitantes de nuestro sitio compran membres\u00edas y, como tal, este es el tipo de datos que estas cookies rastrear\u00e1n. Esto es importante para usted, ya que significa que podemos hacer predicciones comerciales con precisi\u00f3n que nos permitan monitorear los costos de nuestra publicidad y servicios para garantizar el mejor precio posible.<\/span><\/p><p><span style=\"font-weight: 400;\">Varios socios anuncian en nuestro nombre, y las cookies de seguimiento de afiliados simplemente nos permiten ver si nuestros clientes han visitado el sitio a trav\u00e9s de uno de nuestros sitios asociados para que podamos acreditarlos adecuadamente y, cuando corresponda, permitir que nuestros socios afiliados proporcionen cualquier bonificaci\u00f3n que deseen. puede proporcionarle para realizar una compra.<\/span><\/p><ol><li><span style=\"font-weight: 400;\">Tus derechos<\/span><\/li><\/ol><p><span style=\"font-weight: 400;\">Seg\u00fan la ley, usted tiene una serie de derechos que puede ejercer de forma gratuita. Hemos incluido un resumen de estos a continuaci\u00f3n; Si desea discutir o ejercer cualquiera de estos, cont\u00e1ctenos a trav\u00e9s de los detalles proporcionados.<\/span><\/p><ol><li><span style=\"font-weight: 400;\"> \u00a0 \u00a0 Derecho a rectificar datos personales<\/span><\/li><\/ol><p><span style=\"font-weight: 400;\">Si cree que alguno de los datos personales que tenemos sobre usted es incorrecto, puede solicitar que lo actualicemos.<\/span><\/p><ol start=\"2\"><li><span style=\"font-weight: 400;\"> \u00a0 \u00a0 Derecho de acceso a datos personales<\/span><\/li><\/ol><p><span style=\"font-weight: 400;\">Tiene derecho a solicitar una copia de la informaci\u00f3n que tenemos sobre usted y c\u00f3mo se ha procesado.<\/span><\/p><ol start=\"3\"><li><span style=\"font-weight: 400;\"> \u00a0 \u00a0 Derecho a la portabilidad de los datos<\/span><\/li><\/ol><p><span style=\"font-weight: 400;\">En algunas circunstancias, tiene derecho a recibir la informaci\u00f3n personal sobre usted que nos ha proporcionado, en un formato estructurado, de uso com\u00fan y legible por m\u00e1quina, y tiene derecho a transmitir estos datos a un tercero.<\/span><\/p><ol start=\"4\"><li><span style=\"font-weight: 400;\"> \u00a0 \u00a0 Derecho a oponerse al uso de datos personales<\/span><\/li><\/ol><p><span style=\"font-weight: 400;\">Cuando procesamos sus datos con fines de marketing directo o cualquier inter\u00e9s leg\u00edtimo del que depende Roulaitte.com, puede oponerse en cualquier momento a este procesamiento.<\/span><\/p><ol start=\"5\"><li><span style=\"font-weight: 400;\"> \u00a0 \u00a0 Derecho a restringir el uso de sus datos<\/span><\/li><\/ol><p><span style=\"font-weight: 400;\">En algunas circunstancias, podr\u00e1 solicitar que suspendamos temporalmente el tratamiento de sus datos.<\/span><\/p><ol start=\"6\"><li><span style=\"font-weight: 400;\"> \u00a0 \u00a0 Derecho de supresi\u00f3n<\/span><\/li><\/ol><p><span style=\"font-weight: 400;\">En algunas circunstancias, como cuando ya no tengamos una raz\u00f3n justificable para continuar procesando sus datos, puede solicitar que los eliminemos.<\/span><\/p><ol start=\"7\"><li><span style=\"font-weight: 400;\"> \u00a0 \u00a0 C\u00f3mo presentar una queja<\/span><\/li><\/ol><p><span style=\"font-weight: 400;\">Si tiene una queja, puede contactarnos en los detalles proporcionados. Haremos nuestro mejor esfuerzo para ayudar.<\/span><\/p><ol><li><span style=\"font-weight: 400;\">Tu consentimiento<\/span><\/li><\/ol><p><span style=\"font-weight: 400;\">Al utilizar nuestro sitio y\/o nuestro Servicio, usted acepta esta Pol\u00edtica de Privacidad y Cookies.<\/span><\/p><p><span style=\"font-weight: 400;\">\u00a0<\/span><\/p><ol><li><span style=\"font-weight: 400;\">Cambios en nuestra Pol\u00edtica de Privacidad<\/span><\/li><\/ol><p><span style=\"font-weight: 400;\">Esta Pol\u00edtica de Privacidad y Cookies puede modificarse peri\u00f3dicamente, por lo que le recomendamos que la revise con frecuencia. Si cambiamos materialmente las formas en que usamos o compartimos informaci\u00f3n personal previamente recopilada de usted a trav\u00e9s de nuestro Servicio, se lo notificaremos a trav\u00e9s de nuestro Servicio.<\/span><\/p><p><span style=\"font-weight: 400;\">Los cambios en la Pol\u00edtica de Privacidad y Cookies aparecer\u00e1n en esta p\u00e1gina, y se actualizar\u00e1 la modificaci\u00f3n de la Pol\u00edtica de Privacidad y Cookies (fecha en la parte inferior de esta p\u00e1gina)<\/span><\/p><p>\u00a0<\/p>\t\t\t\t\t\t<\/div>\n\t\t\t\t<\/div>\n\t\t\t\t\t<\/div>\n\t\t\t\t<\/div>\n\t\t\t\t\t\t\t<\/div>","protected":false},"excerpt":{"rendered":"<p>POL\u00cdTICA DE PRIVACIDAD Y COOKIES Informaci\u00f3n que recopilamos sobre usted Los tipos de informaci\u00f3n que recopilamos sobre usted cuando visita e interact\u00faa con este sitio son: Sus datos de contacto, como el nombre y la direcci\u00f3n de correo electr\u00f3nico donde se comunic\u00f3 con nosotros a trav\u00e9s de este sitio; o Si ha aceptado las cookies, datos como su sitio [\u2026]<\/p>","protected":false},"author":1,"featured_media":0,"parent":0,"menu_order":0,"comment_status":"closed","ping_status":"closed","template":"","meta":{"footnotes":""},"class_list":["post-1176","page","type-page","status-publish","hentry"],"yoast_head":"<!-- This site is optimized with the Yoast SEO Premium plugin v19.2.1 (Yoast SEO v19.6.1) - https:\/\/yoast.com\/wordpress\/plugins\/seo\/ -->\n<title>Privacy and cookies policy - Roulaitte<\/title>\n<meta name=\"robots\" content=\"index, follow, max-snippet:-1, max-image-preview:large, max-video-preview:-1\" \/>\n<link rel=\"canonical\" href=\"https:\/\/roulaitte.com\/es\/privacy-and-cookies-policy\/\" \/>\n<meta property=\"og:locale\" content=\"es_ES\" \/>\n<meta property=\"og:type\" content=\"article\" \/>\n<meta property=\"og:title\" content=\"Privacy and cookies policy\" \/>\n<meta property=\"og:description\" content=\"PRIVACY AND COOKIES POLICY \u00a0Information we collect about you The types of information we collect about you when you visit and interact with this site are: Your contact details such as name and email address where you have contacted us through this site; or If you have agreed to cookies, data such as your site [&hellip;]\" \/>\n<meta property=\"og:url\" content=\"https:\/\/roulaitte.com\/es\/privacy-and-cookies-policy\/\" \/>\n<meta property=\"og:site_name\" content=\"Roulaitte\" \/>\n<meta property=\"article:modified_time\" content=\"2023-11-24T07:11:31+00:00\" \/>\n<meta name=\"twitter:card\" content=\"summary_large_image\" \/>\n<meta name=\"twitter:label1\" content=\"Tiempo de lectura\" \/>\n\t<meta name=\"twitter:data1\" content=\"7 minutos\" \/>\n<script type=\"application\/ld+json\" class=\"yoast-schema-graph\">{\"@context\":\"https:\/\/schema.org\",\"@graph\":[{\"@type\":\"WebPage\",\"@id\":\"https:\/\/roulaitte.com\/privacy-and-cookies-policy\/\",\"url\":\"https:\/\/roulaitte.com\/privacy-and-cookies-policy\/\",\"name\":\"Privacy and cookies policy - Roulaitte\",\"isPartOf\":{\"@id\":\"https:\/\/roulaitte.com\/#website\"},\"datePublished\":\"2023-11-24T00:02:09+00:00\",\"dateModified\":\"2023-11-24T07:11:31+00:00\",\"breadcrumb\":{\"@id\":\"https:\/\/roulaitte.com\/privacy-and-cookies-policy\/#breadcrumb\"},\"inLanguage\":\"es\",\"potentialAction\":[{\"@type\":\"ReadAction\",\"target\":[\"https:\/\/roulaitte.com\/privacy-and-cookies-policy\/\"]}]},{\"@type\":\"BreadcrumbList\",\"@id\":\"https:\/\/roulaitte.com\/privacy-and-cookies-policy\/#breadcrumb\",\"itemListElement\":[{\"@type\":\"ListItem\",\"position\":1,\"name\":\"Home\",\"item\":\"https:\/\/roulaitte.com\/\"},{\"@type\":\"ListItem\",\"position\":2,\"name\":\"Privacy and cookies policy\"}]},{\"@type\":\"WebSite\",\"@id\":\"https:\/\/roulaitte.com\/#website\",\"url\":\"https:\/\/roulaitte.com\/\",\"name\":\"Roulaitte\",\"description\":\"AI and ML Predictions and Bankroll Management\",\"potentialAction\":[{\"@type\":\"SearchAction\",\"target\":{\"@type\":\"EntryPoint\",\"urlTemplate\":\"https:\/\/roulaitte.com\/?s={search_term_string}\"},\"query-input\":\"required name=search_term_string\"}],\"inLanguage\":\"es\"}]}<\/script>\n<!-- \/ Yoast SEO Premium plugin. -->","yoast_head_json":{"title":"Privacy and cookies policy - Roulaitte","robots":{"index":"index","follow":"follow","max-snippet":"max-snippet:-1","max-image-preview":"max-image-preview:large","max-video-preview":"max-video-preview:-1"},"canonical":"https:\/\/roulaitte.com\/es\/privacy-and-cookies-policy\/","og_locale":"es_ES","og_type":"article","og_title":"Privacy and cookies policy","og_description":"PRIVACY AND COOKIES POLICY \u00a0Information we collect about you The types of information we collect about you when you visit and interact with this site are: Your contact details such as name and email address where you have contacted us through this site; or If you have agreed to cookies, data such as your site [&hellip;]","og_url":"https:\/\/roulaitte.com\/es\/privacy-and-cookies-policy\/","og_site_name":"Roulaitte","article_modified_time":"2023-11-24T07:11:31+00:00","twitter_card":"summary_large_image","twitter_misc":{"Tiempo de lectura":"7 minutos"},"schema":{"@context":"https:\/\/schema.org","@graph":[{"@type":"WebPage","@id":"https:\/\/roulaitte.com\/privacy-and-cookies-policy\/","url":"https:\/\/roulaitte.com\/privacy-and-cookies-policy\/","name":"Privacy and cookies policy - Roulaitte","isPartOf":{"@id":"https:\/\/roulaitte.com\/#website"},"datePublished":"2023-11-24T00:02:09+00:00","dateModified":"2023-11-24T07:11:31+00:00","breadcrumb":{"@id":"https:\/\/roulaitte.com\/privacy-and-cookies-policy\/#breadcrumb"},"inLanguage":"es","potentialAction":[{"@type":"ReadAction","target":["https:\/\/roulaitte.com\/privacy-and-cookies-policy\/"]}]},{"@type":"BreadcrumbList","@id":"https:\/\/roulaitte.com\/privacy-and-cookies-policy\/#breadcrumb","itemListElement":[{"@type":"ListItem","position":1,"name":"Home","item":"https:\/\/roulaitte.com\/"},{"@type":"ListItem","position":2,"name":"Privacy and cookies policy"}]},{"@type":"WebSite","@id":"https:\/\/roulaitte.com\/#website","url":"https:\/\/roulaitte.com\/","name":"Roulaitte","description":"AI and ML Predictions and Bankroll Management","potentialAction":[{"@type":"SearchAction","target":{"@type":"EntryPoint","urlTemplate":"https:\/\/roulaitte.com\/?s={search_term_string}"},"query-input":"required name=search_term_string"}],"inLanguage":"es"}]}},"_links":{"self":[{"href":"https:\/\/roulaitte.com\/es\/wp-json\/wp\/v2\/pages\/1176","targetHints":{"allow":["GET"]}}],"collection":[{"href":"https:\/\/roulaitte.com\/es\/wp-json\/wp\/v2\/pages"}],"about":[{"href":"https:\/\/roulaitte.com\/es\/wp-json\/wp\/v2\/types\/page"}],"author":[{"embeddable":true,"href":"https:\/\/roulaitte.com\/es\/wp-json\/wp\/v2\/users\/1"}],"replies":[{"embeddable":true,"href":"https:\/\/roulaitte.com\/es\/wp-json\/wp\/v2\/comments?post=1176"}],"version-history":[{"count":0,"href":"https:\/\/roulaitte.com\/es\/wp-json\/wp\/v2\/pages\/1176\/revisions"}],"wp:attachment":[{"href":"https:\/\/roulaitte.com\/es\/wp-json\/wp\/v2\/media?parent=1176"}],"curies":[{"name":"wp","href":"https:\/\/api.w.org\/{rel}","templated":true}]}}