{"id":1176,"date":"2023-11-24T00:02:09","date_gmt":"2023-11-24T00:02:09","guid":{"rendered":"https:\/\/roulaitte.com\/?page_id=1176"},"modified":"2023-11-24T07:11:31","modified_gmt":"2023-11-24T07:11:31","slug":"privacy-and-cookies-policy","status":"publish","type":"page","link":"https:\/\/roulaitte.com\/fr\/privacy-and-cookies-policy\/","title":{"rendered":"Politique de confidentialit\u00e9 et de cookies"},"content":{"rendered":"<div data-elementor-type=\"wp-page\" data-elementor-id=\"1176\" class=\"elementor elementor-1176\" data-elementor-post-type=\"page\">\n\t\t\t\t\t\t\t<div class=\"elementor-element elementor-element-37b2748 e-flex e-con-boxed e-con e-parent\" data-id=\"37b2748\" data-element_type=\"container\" data-settings=\"{&quot;content_width&quot;:&quot;boxed&quot;}\" data-core-v316-plus=\"true\">\n\t\t\t\t\t<div class=\"e-con-inner\">\n\t\t\t\t<div class=\"elementor-element elementor-element-6ed48b6 elementor-widget elementor-widget-spacer\" data-id=\"6ed48b6\" data-element_type=\"widget\" data-widget_type=\"spacer.default\">\n\t\t\t\t<div class=\"elementor-widget-container\">\n\t\t\t<style>\/*! elementor - v3.16.0 - 20-09-2023 *\/\n.elementor-column .elementor-spacer-inner{height:var(--spacer-size)}.e-con{--container-widget-width:100%}.e-con-inner>.elementor-widget-spacer,.e-con>.elementor-widget-spacer{width:var(--container-widget-width,var(--spacer-size));--align-self:var(--container-widget-align-self,initial);--flex-shrink:0}.e-con-inner>.elementor-widget-spacer>.elementor-widget-container,.e-con>.elementor-widget-spacer>.elementor-widget-container{height:100%;width:100%}.e-con-inner>.elementor-widget-spacer>.elementor-widget-container>.elementor-spacer,.e-con>.elementor-widget-spacer>.elementor-widget-container>.elementor-spacer{height:100%}.e-con-inner>.elementor-widget-spacer>.elementor-widget-container>.elementor-spacer>.elementor-spacer-inner,.e-con>.elementor-widget-spacer>.elementor-widget-container>.elementor-spacer>.elementor-spacer-inner{height:var(--container-widget-height,var(--spacer-size))}.e-con-inner>.elementor-widget-spacer.elementor-widget-empty,.e-con>.elementor-widget-spacer.elementor-widget-empty{position:relative;min-height:22px;min-width:22px}.e-con-inner>.elementor-widget-spacer.elementor-widget-empty .elementor-widget-empty-icon,.e-con>.elementor-widget-spacer.elementor-widget-empty .elementor-widget-empty-icon{position:absolute;top:0;bottom:0;left:0;right:0;margin:auto;padding:0;width:22px;height:22px}<\/style>\t\t<div class=\"elementor-spacer\">\n\t\t\t<div class=\"elementor-spacer-inner\"><\/div>\n\t\t<\/div>\n\t\t\t\t<\/div>\n\t\t\t\t<\/div>\n\t\t\t\t\t<\/div>\n\t\t\t\t<\/div>\n\t\t<div class=\"elementor-element elementor-element-3ab1559 e-flex e-con-boxed e-con e-parent\" data-id=\"3ab1559\" data-element_type=\"container\" data-settings=\"{&quot;content_width&quot;:&quot;boxed&quot;}\" data-core-v316-plus=\"true\">\n\t\t\t\t\t<div class=\"e-con-inner\">\n\t\t\t\t<div class=\"elementor-element elementor-element-5a4f9fb elementor-widget elementor-widget-heading\" data-id=\"5a4f9fb\" data-element_type=\"widget\" data-widget_type=\"heading.default\">\n\t\t\t\t<div class=\"elementor-widget-container\">\n\t\t\t<style>\/*! elementor - v3.16.0 - 20-09-2023 *\/\n.elementor-heading-title{padding:0;margin:0;line-height:1}.elementor-widget-heading .elementor-heading-title[class*=elementor-size-]>a{color:inherit;font-size:inherit;line-height:inherit}.elementor-widget-heading .elementor-heading-title.elementor-size-small{font-size:15px}.elementor-widget-heading .elementor-heading-title.elementor-size-medium{font-size:19px}.elementor-widget-heading .elementor-heading-title.elementor-size-large{font-size:29px}.elementor-widget-heading .elementor-heading-title.elementor-size-xl{font-size:39px}.elementor-widget-heading .elementor-heading-title.elementor-size-xxl{font-size:59px}<\/style><h2 class=\"elementor-heading-title elementor-size-default\">POLITIQUE DE CONFIDENTIALIT\u00c9 ET DE COOKIES<\/h2>\t\t<\/div>\n\t\t\t\t<\/div>\n\t\t\t\t<div class=\"elementor-element elementor-element-5855f6a elementor-widget elementor-widget-text-editor\" data-id=\"5855f6a\" data-element_type=\"widget\" data-widget_type=\"text-editor.default\">\n\t\t\t\t<div class=\"elementor-widget-container\">\n\t\t\t<style>\/*! elementor - v3.16.0 - 20-09-2023 *\/\n.elementor-widget-text-editor.elementor-drop-cap-view-stacked .elementor-drop-cap{background-color:#69727d;color:#fff}.elementor-widget-text-editor.elementor-drop-cap-view-framed .elementor-drop-cap{color:#69727d;border:3px solid;background-color:transparent}.elementor-widget-text-editor:not(.elementor-drop-cap-view-default) .elementor-drop-cap{margin-top:8px}.elementor-widget-text-editor:not(.elementor-drop-cap-view-default) .elementor-drop-cap-letter{width:1em;height:1em}.elementor-widget-text-editor .elementor-drop-cap{float:left;text-align:center;line-height:1;font-size:50px}.elementor-widget-text-editor .elementor-drop-cap-letter{display:inline-block}<\/style>\t\t\t\t<ol><li><span style=\"font-weight: 400;\">\u00a0Informations que nous collectons \u00e0 votre sujet<\/span><\/li><\/ol><p><span style=\"font-weight: 400;\">Les types d&#039;informations que nous collectons \u00e0 votre sujet lorsque vous visitez et interagissez avec ce site sont\u00a0:<\/span><\/p><ul><li><span style=\"font-weight: 400;\">Vos coordonn\u00e9es telles que le nom et l&#039;adresse e-mail avec lesquels vous nous avez contact\u00e9s via ce site\u00a0; ou<\/span><\/li><li><span style=\"font-weight: 400;\">Si vous avez accept\u00e9 les cookies, des donn\u00e9es telles que vos pr\u00e9f\u00e9rences de site ou vos param\u00e8tres de langue. Nous pouvons \u00e9galement utiliser ces informations de mani\u00e8re globale pour comprendre comment nos visiteurs naviguent sur ce site afin de pouvoir l&#039;am\u00e9liorer.<\/span><\/li><\/ul><p><span style=\"font-weight: 400;\">Les cookies suivent les exigences du RGPD. Nous ne collecterons intentionnellement aucune information aupr\u00e8s de toute personne de moins de 13 ans. Notre site Web et nos services s&#039;adressent aux personnes \u00e2g\u00e9es d&#039;au moins 18 ans ou plus.<\/span><\/p><ol><li><span style=\"font-weight: 400;\">Informations personnelles \u2013 Donn\u00e9es d\u2019adh\u00e9sion<\/span><\/li><\/ol><p><span style=\"font-weight: 400;\">\u00a0<\/span><\/p><p><span style=\"font-weight: 400;\">Nous collectons vos informations personnelles :<\/span><\/p><p><span style=\"font-weight: 400;\">\u2013 Si vous cr\u00e9ez un compte chez nous, nous utiliserons des cookies pour la gestion du processus d\u2019inscription et l\u2019administration g\u00e9n\u00e9rale. Ces cookies seront g\u00e9n\u00e9ralement supprim\u00e9s lorsque vous vous d\u00e9connecterez. Cependant, dans certains cas, ils peuvent rester par la suite pour m\u00e9moriser vos pr\u00e9f\u00e9rences de site lorsque vous \u00eates d\u00e9connect\u00e9.<\/span><\/p><p><span style=\"font-weight: 400;\">-Nous utilisons des cookies lorsque vous \u00eates connect\u00e9 afin que nous puissions nous en souvenir. Cela vous \u00e9vite de devoir vous connecter \u00e0 chaque fois que vous visitez une nouvelle page. Ces cookies sont g\u00e9n\u00e9ralement supprim\u00e9s ou effac\u00e9s lorsque vous vous d\u00e9connectez pour garantir que vous ne pouvez acc\u00e9der aux fonctionnalit\u00e9s et zones restreintes que lorsque vous \u00eates connect\u00e9.<\/span><\/p><p><span style=\"font-weight: 400;\">\u2013 Afin d&#039;\u00e9mettre un re\u00e7u pour des services payants, nous devons \u00e9galement collecter des coordonn\u00e9es suppl\u00e9mentaires sur vous ou votre entreprise, telles que votre nom complet, votre adresse e-mail, votre adresse de contact, le nom de votre entreprise et son activit\u00e9 commerciale. Nous ne collectons ni ne stockons les informations de votre carte de cr\u00e9dit. Tous les paiements sont collect\u00e9s par carte de cr\u00e9dit\u00a0; nous pouvons donc \u00e9galement stocker l&#039;ID de transaction Paypal.<\/span><\/p><p><span style=\"font-weight: 400;\">\u00a0<\/span><\/p><ol><li><span style=\"font-weight: 400;\">Participation aux enqu\u00eates via Roulaitte.com<\/span><\/li><\/ol><p><span style=\"font-weight: 400;\">Occasionnellement, nous proposons des enqu\u00eates et des questionnaires aupr\u00e8s des utilisateurs pour vous fournir des informations int\u00e9ressantes, des outils utiles ou pour comprendre plus pr\u00e9cis\u00e9ment notre base d&#039;utilisateurs. Ces enqu\u00eates peuvent utiliser des cookies pour m\u00e9moriser qui a d\u00e9j\u00e0 particip\u00e9 \u00e0 une enqu\u00eate ou pour vous fournir des r\u00e9sultats pr\u00e9cis apr\u00e8s avoir chang\u00e9 de page. Pour vous offrir une exp\u00e9rience exceptionnelle sur ce site, nous fournissons la fonctionnalit\u00e9 permettant de d\u00e9finir vos pr\u00e9f\u00e9rences quant au fonctionnement de ce site lorsque vous l&#039;utilisez. Pour m\u00e9moriser vos pr\u00e9f\u00e9rences, nous devons d\u00e9finir des cookies afin que ces informations puissent \u00eatre consult\u00e9es chaque fois que vous interagissez avec une page affect\u00e9e par vos pr\u00e9f\u00e9rences.<\/span><\/p><ol><li><span style=\"font-weight: 400;\">Traitement de vos donn\u00e9es personnelles<\/span><\/li><\/ol><p><span style=\"font-weight: 400;\">Roulaitte.com traitera vos donn\u00e9es personnelles sur la base de :<\/span><\/p><p><span style=\"font-weight: 400;\">\u2013 Nos int\u00e9r\u00eats commerciaux l\u00e9gitimes, par exemple la fourniture de services, les pr\u00e9f\u00e9rences en mati\u00e8re de jeux de roulette de casino, les r\u00e9sultats pass\u00e9s de participation au service, le marketing direct et l\u2019am\u00e9lioration de nos services. Chaque fois que nous nous appuyons sur cette base l\u00e9gale pour traiter vos donn\u00e9es, nous \u00e9valuons nos int\u00e9r\u00eats commerciaux pour nous assurer qu&#039;ils ne pr\u00e9valent pas sur vos droits. De plus, dans certains cas, vous avez le droit de vous opposer \u00e0 ce traitement.<\/span><\/p><p><span style=\"font-weight: 400;\">\u2013 Consentement que vous donnez dans la mesure o\u00f9 Roulaitte.com ne s\u2019appuie pas sur une autre base l\u00e9gale. Le consentement vous sera toujours pr\u00e9sent\u00e9 s\u00e9par\u00e9ment, pourra \u00eatre retir\u00e9 \u00e0 tout moment et vous recevrez des d\u00e9tails sur la mani\u00e8re de changer d\u2019avis.<\/span><\/p><ol><li><span style=\"font-weight: 400;\">Partage de donn\u00e9es personnelles<\/span><\/li><\/ol><p><span style=\"font-weight: 400;\">Certains des services ou informations que vous pouvez demander sur ce site peuvent provenir d&#039;autres membres de notre groupe d&#039;entreprises. Par cons\u00e9quent, nous pouvons partager vos informations avec d\u2019autres soci\u00e9t\u00e9s du Groupe Roulaitte (exclusivement des sous-traitants\/tiers de confiance). Les lois des pays dans lesquels ces soci\u00e9t\u00e9s sont bas\u00e9es ne sont peut-\u00eatre pas les m\u00eames que celles de l&#039;UE, mais vos informations seront trait\u00e9es avec le m\u00eame niveau de soin \u00e9lev\u00e9 partout o\u00f9 elles sont trait\u00e9es au sein du groupe d&#039;entreprises.<\/span><\/p><ol><li><span style=\"font-weight: 400;\">D\u00e9sactiver les cookies<\/span><\/li><\/ol><p><span style=\"font-weight: 400;\">Vous pouvez emp\u00eacher l&#039;installation de cookies en ajustant les param\u00e8tres de votre navigateur (voir l&#039;aide de votre navigateur pour savoir comment proc\u00e9der). Sachez que la d\u00e9sactivation des cookies affectera la fonctionnalit\u00e9 de ce site et de nombreux autres sites Web que vous visitez. La d\u00e9sactivation des cookies entra\u00eenera g\u00e9n\u00e9ralement \u00e9galement la d\u00e9sactivation de certaines fonctionnalit\u00e9s et caract\u00e9ristiques de ce site. Il est donc recommand\u00e9 de ne pas d\u00e9sactiver les cookies.<\/span><\/p><ol><li><span style=\"font-weight: 400;\">Cookies tiers<\/span><\/li><\/ol><p><span style=\"font-weight: 400;\">Dans certains cas particuliers, nous utilisons \u00e9galement des cookies fournis par des tiers de confiance. La section suivante d\u00e9taille les cookies tiers que vous pourriez rencontrer via ce site.<\/span><\/p><p><span style=\"font-weight: 400;\">Ce site utilise Google Analytics, l&#039;une des solutions d&#039;analyse les plus r\u00e9pandues et les plus fiables sur le Web, pour nous aider \u00e0 comprendre comment vous utilisez le site et comment nous pouvons am\u00e9liorer votre exp\u00e9rience. Ces cookies peuvent suivre des \u00e9l\u00e9ments tels que le temps que vous passez sur le site et les pages que vous visitez afin que nous puissions continuer \u00e0 produire un contenu attrayant.<\/span><\/p><p><span style=\"font-weight: 400;\">Des analyses tierces sont utilis\u00e9es pour suivre et mesurer l&#039;utilisation de ce site afin que nous puissions continuer \u00e0 produire un contenu attrayant. Ces cookies peuvent suivre des \u00e9l\u00e9ments tels que le temps que vous passez sur le site ou les pages que vous visitez, ce qui nous aide \u00e0 comprendre comment nous pouvons am\u00e9liorer le site pour vous.<\/span><\/p><p><span style=\"font-weight: 400;\">De temps en temps, nous testons de nouvelles fonctionnalit\u00e9s et apportons des modifications subtiles \u00e0 la mani\u00e8re dont le site est livr\u00e9. Lorsque nous testons encore de nouvelles fonctionnalit\u00e9s, ces cookies peuvent \u00eatre utilis\u00e9s pour garantir que vous b\u00e9n\u00e9ficiez d&#039;une exp\u00e9rience coh\u00e9rente sur le site tout en garantissant que nous comprenons quelles optimisations nos utilisateurs appr\u00e9cient le plus.<\/span><\/p><p><span style=\"font-weight: 400;\">Dans la mesure o\u00f9 nous vendons des services, il est important pour nous de comprendre les statistiques sur le nombre de visiteurs de notre site qui ach\u00e8tent des adh\u00e9sions et, en tant que telles, c&#039;est le type de donn\u00e9es que ces cookies suivront. Ceci est important pour vous car cela signifie que nous pouvons faire des pr\u00e9visions commerciales pr\u00e9cises qui nous permettent de surveiller les co\u00fbts de notre publicit\u00e9 et de nos services afin de garantir le meilleur prix possible.<\/span><\/p><p><span style=\"font-weight: 400;\">Plusieurs partenaires font de la publicit\u00e9 en notre nom, et les cookies de suivi d&#039;affiliation nous permettent simplement de voir si nos clients sont venus sur le site via l&#039;un de nos sites partenaires afin que nous puissions les cr\u00e9diter de mani\u00e8re appropri\u00e9e et, le cas \u00e9ch\u00e9ant, permettre \u00e0 nos partenaires affili\u00e9s de fournir tout bonus qu&#039;ils ont re\u00e7u. peut vous fournir pour effectuer un achat.<\/span><\/p><ol><li><span style=\"font-weight: 400;\">Tes droits<\/span><\/li><\/ol><p><span style=\"font-weight: 400;\">Conform\u00e9ment \u00e0 la loi, vous disposez d\u2019un certain nombre de droits que vous pouvez exercer gratuitement. Nous en avons inclus un r\u00e9sum\u00e9 ci-dessous\u00a0; si vous souhaitez discuter ou exercer l\u2019un de ces \u00e9l\u00e9ments, veuillez nous contacter via les coordonn\u00e9es fournies.<\/span><\/p><ol><li><span style=\"font-weight: 400;\"> \u00a0 \u00a0 Droit de rectification des donn\u00e9es personnelles<\/span><\/li><\/ol><p><span style=\"font-weight: 400;\">Si vous pensez que l&#039;une des donn\u00e9es personnelles que nous d\u00e9tenons \u00e0 votre sujet est incorrecte, vous pouvez demander que nous la mettions \u00e0 jour.<\/span><\/p><ol start=\"2\"><li><span style=\"font-weight: 400;\"> \u00a0 \u00a0 Droit d&#039;acc\u00e8s aux donn\u00e9es personnelles<\/span><\/li><\/ol><p><span style=\"font-weight: 400;\">Vous avez le droit de demander une copie des informations que nous d\u00e9tenons \u00e0 votre sujet et de la mani\u00e8re dont elles ont \u00e9t\u00e9 trait\u00e9es.<\/span><\/p><ol start=\"3\"><li><span style=\"font-weight: 400;\"> \u00a0 \u00a0 Droit \u00e0 la portabilit\u00e9 des donn\u00e9es<\/span><\/li><\/ol><p><span style=\"font-weight: 400;\">Dans certaines circonstances, vous avez le droit de recevoir les informations personnelles vous concernant que vous nous avez fournies, dans un format structur\u00e9, couramment utilis\u00e9 et lisible par machine et avez le droit de transmettre ces donn\u00e9es \u00e0 un tiers.<\/span><\/p><ol start=\"4\"><li><span style=\"font-weight: 400;\"> \u00a0 \u00a0 Droit d&#039;opposition \u00e0 l&#039;utilisation des donn\u00e9es personnelles<\/span><\/li><\/ol><p><span style=\"font-weight: 400;\">Lorsque nous traitons vos donn\u00e9es \u00e0 des fins de marketing direct ou pour tout int\u00e9r\u00eat l\u00e9gitime dont Roulaitte.com d\u00e9pend, vous pouvez vous opposer \u00e0 tout moment \u00e0 ce traitement.<\/span><\/p><ol start=\"5\"><li><span style=\"font-weight: 400;\"> \u00a0 \u00a0 Droit de restreindre l&#039;utilisation de vos donn\u00e9es<\/span><\/li><\/ol><p><span style=\"font-weight: 400;\">Dans certaines circonstances, vous pouvez demander que nous suspendions temporairement le traitement de vos donn\u00e9es.<\/span><\/p><ol start=\"6\"><li><span style=\"font-weight: 400;\"> \u00a0 \u00a0 Droit \u00e0 l&#039;effacement<\/span><\/li><\/ol><p><span style=\"font-weight: 400;\">Dans certaines circonstances, par exemple lorsque nous n&#039;avons plus de raison valable de continuer \u00e0 traiter vos donn\u00e9es, vous pouvez demander que nous les supprimions.<\/span><\/p><ol start=\"7\"><li><span style=\"font-weight: 400;\"> \u00a0 \u00a0 Comment d\u00e9poser une plainte<\/span><\/li><\/ol><p><span style=\"font-weight: 400;\">Si vous avez une plainte, vous pouvez nous contacter aux coordonn\u00e9es fournies. Nous ferons de notre mieux pour vous aider.<\/span><\/p><ol><li><span style=\"font-weight: 400;\">Votre consentement<\/span><\/li><\/ol><p><span style=\"font-weight: 400;\">En utilisant notre site et\/ou notre Service, vous consentez \u00e0 cette Politique de Confidentialit\u00e9 et de Cookies.<\/span><\/p><p><span style=\"font-weight: 400;\">\u00a0<\/span><\/p><ol><li><span style=\"font-weight: 400;\">Modifications de notre politique de confidentialit\u00e9<\/span><\/li><\/ol><p><span style=\"font-weight: 400;\">Cette politique de confidentialit\u00e9 et de cookies peut \u00eatre modifi\u00e9e de temps \u00e0 autre, veuillez donc la consulter fr\u00e9quemment. Si nous modifions mat\u00e9riellement la mani\u00e8re dont nous utilisons ou partageons les informations personnelles pr\u00e9c\u00e9demment collect\u00e9es aupr\u00e8s de vous via notre Service, nous vous en informerons via notre Service.<\/span><\/p><p><span style=\"font-weight: 400;\">Les modifications apport\u00e9es \u00e0 la politique de confidentialit\u00e9 et de cookies appara\u00eetront sur cette page, et la modification de la politique de confidentialit\u00e9 et de cookies sera mise \u00e0 jour (date en bas de cette page)<\/span><\/p><p>\u00a0<\/p>\t\t\t\t\t\t<\/div>\n\t\t\t\t<\/div>\n\t\t\t\t\t<\/div>\n\t\t\t\t<\/div>\n\t\t\t\t\t\t\t<\/div>","protected":false},"excerpt":{"rendered":"<p>POLITIQUE DE CONFIDENTIALIT\u00c9 ET DE COOKIES Informations que nous collectons sur vous Les types d&#039;informations que nous collectons sur vous lorsque vous visitez et interagissez avec ce site sont : Vos coordonn\u00e9es telles que votre nom et votre adresse e-mail avec lesquelles vous nous avez contact\u00e9s via ce site ; ou Si vous avez accept\u00e9 les cookies, des donn\u00e9es telles que votre site [\u2026]<\/p>","protected":false},"author":1,"featured_media":0,"parent":0,"menu_order":0,"comment_status":"closed","ping_status":"closed","template":"","meta":{"footnotes":""},"class_list":["post-1176","page","type-page","status-publish","hentry"],"yoast_head":"<!-- This site is optimized with the Yoast SEO Premium plugin v19.2.1 (Yoast SEO v19.6.1) - https:\/\/yoast.com\/wordpress\/plugins\/seo\/ -->\n<title>Privacy and cookies policy - Roulaitte<\/title>\n<meta name=\"robots\" content=\"index, follow, max-snippet:-1, max-image-preview:large, max-video-preview:-1\" \/>\n<link rel=\"canonical\" href=\"https:\/\/roulaitte.com\/fr\/privacy-and-cookies-policy\/\" \/>\n<meta property=\"og:locale\" content=\"fr_FR\" \/>\n<meta property=\"og:type\" content=\"article\" \/>\n<meta property=\"og:title\" content=\"Privacy and cookies policy\" \/>\n<meta property=\"og:description\" content=\"PRIVACY AND COOKIES POLICY \u00a0Information we collect about you The types of information we collect about you when you visit and interact with this site are: Your contact details such as name and email address where you have contacted us through this site; or If you have agreed to cookies, data such as your site [&hellip;]\" \/>\n<meta property=\"og:url\" content=\"https:\/\/roulaitte.com\/fr\/privacy-and-cookies-policy\/\" \/>\n<meta property=\"og:site_name\" content=\"Roulaitte\" \/>\n<meta property=\"article:modified_time\" content=\"2023-11-24T07:11:31+00:00\" \/>\n<meta name=\"twitter:card\" content=\"summary_large_image\" \/>\n<meta name=\"twitter:label1\" content=\"Dur\u00e9e de lecture estim\u00e9e\" \/>\n\t<meta name=\"twitter:data1\" content=\"7 minutes\" \/>\n<script type=\"application\/ld+json\" class=\"yoast-schema-graph\">{\"@context\":\"https:\/\/schema.org\",\"@graph\":[{\"@type\":\"WebPage\",\"@id\":\"https:\/\/roulaitte.com\/privacy-and-cookies-policy\/\",\"url\":\"https:\/\/roulaitte.com\/privacy-and-cookies-policy\/\",\"name\":\"Privacy and cookies policy - Roulaitte\",\"isPartOf\":{\"@id\":\"https:\/\/roulaitte.com\/#website\"},\"datePublished\":\"2023-11-24T00:02:09+00:00\",\"dateModified\":\"2023-11-24T07:11:31+00:00\",\"breadcrumb\":{\"@id\":\"https:\/\/roulaitte.com\/privacy-and-cookies-policy\/#breadcrumb\"},\"inLanguage\":\"fr-FR\",\"potentialAction\":[{\"@type\":\"ReadAction\",\"target\":[\"https:\/\/roulaitte.com\/privacy-and-cookies-policy\/\"]}]},{\"@type\":\"BreadcrumbList\",\"@id\":\"https:\/\/roulaitte.com\/privacy-and-cookies-policy\/#breadcrumb\",\"itemListElement\":[{\"@type\":\"ListItem\",\"position\":1,\"name\":\"Home\",\"item\":\"https:\/\/roulaitte.com\/\"},{\"@type\":\"ListItem\",\"position\":2,\"name\":\"Privacy and cookies policy\"}]},{\"@type\":\"WebSite\",\"@id\":\"https:\/\/roulaitte.com\/#website\",\"url\":\"https:\/\/roulaitte.com\/\",\"name\":\"Roulaitte\",\"description\":\"AI and ML Predictions and Bankroll Management\",\"potentialAction\":[{\"@type\":\"SearchAction\",\"target\":{\"@type\":\"EntryPoint\",\"urlTemplate\":\"https:\/\/roulaitte.com\/?s={search_term_string}\"},\"query-input\":\"required name=search_term_string\"}],\"inLanguage\":\"fr-FR\"}]}<\/script>\n<!-- \/ Yoast SEO Premium plugin. -->","yoast_head_json":{"title":"Privacy and cookies policy - Roulaitte","robots":{"index":"index","follow":"follow","max-snippet":"max-snippet:-1","max-image-preview":"max-image-preview:large","max-video-preview":"max-video-preview:-1"},"canonical":"https:\/\/roulaitte.com\/fr\/privacy-and-cookies-policy\/","og_locale":"fr_FR","og_type":"article","og_title":"Privacy and cookies policy","og_description":"PRIVACY AND COOKIES POLICY \u00a0Information we collect about you The types of information we collect about you when you visit and interact with this site are: Your contact details such as name and email address where you have contacted us through this site; or If you have agreed to cookies, data such as your site [&hellip;]","og_url":"https:\/\/roulaitte.com\/fr\/privacy-and-cookies-policy\/","og_site_name":"Roulaitte","article_modified_time":"2023-11-24T07:11:31+00:00","twitter_card":"summary_large_image","twitter_misc":{"Dur\u00e9e de lecture estim\u00e9e":"7 minutes"},"schema":{"@context":"https:\/\/schema.org","@graph":[{"@type":"WebPage","@id":"https:\/\/roulaitte.com\/privacy-and-cookies-policy\/","url":"https:\/\/roulaitte.com\/privacy-and-cookies-policy\/","name":"Privacy and cookies policy - Roulaitte","isPartOf":{"@id":"https:\/\/roulaitte.com\/#website"},"datePublished":"2023-11-24T00:02:09+00:00","dateModified":"2023-11-24T07:11:31+00:00","breadcrumb":{"@id":"https:\/\/roulaitte.com\/privacy-and-cookies-policy\/#breadcrumb"},"inLanguage":"fr-FR","potentialAction":[{"@type":"ReadAction","target":["https:\/\/roulaitte.com\/privacy-and-cookies-policy\/"]}]},{"@type":"BreadcrumbList","@id":"https:\/\/roulaitte.com\/privacy-and-cookies-policy\/#breadcrumb","itemListElement":[{"@type":"ListItem","position":1,"name":"Home","item":"https:\/\/roulaitte.com\/"},{"@type":"ListItem","position":2,"name":"Privacy and cookies policy"}]},{"@type":"WebSite","@id":"https:\/\/roulaitte.com\/#website","url":"https:\/\/roulaitte.com\/","name":"Roulaitte","description":"AI and ML Predictions and Bankroll Management","potentialAction":[{"@type":"SearchAction","target":{"@type":"EntryPoint","urlTemplate":"https:\/\/roulaitte.com\/?s={search_term_string}"},"query-input":"required name=search_term_string"}],"inLanguage":"fr-FR"}]}},"_links":{"self":[{"href":"https:\/\/roulaitte.com\/fr\/wp-json\/wp\/v2\/pages\/1176","targetHints":{"allow":["GET"]}}],"collection":[{"href":"https:\/\/roulaitte.com\/fr\/wp-json\/wp\/v2\/pages"}],"about":[{"href":"https:\/\/roulaitte.com\/fr\/wp-json\/wp\/v2\/types\/page"}],"author":[{"embeddable":true,"href":"https:\/\/roulaitte.com\/fr\/wp-json\/wp\/v2\/users\/1"}],"replies":[{"embeddable":true,"href":"https:\/\/roulaitte.com\/fr\/wp-json\/wp\/v2\/comments?post=1176"}],"version-history":[{"count":0,"href":"https:\/\/roulaitte.com\/fr\/wp-json\/wp\/v2\/pages\/1176\/revisions"}],"wp:attachment":[{"href":"https:\/\/roulaitte.com\/fr\/wp-json\/wp\/v2\/media?parent=1176"}],"curies":[{"name":"wp","href":"https:\/\/api.w.org\/{rel}","templated":true}]}}