{"id":1176,"date":"2023-11-24T00:02:09","date_gmt":"2023-11-24T00:02:09","guid":{"rendered":"https:\/\/roulaitte.com\/?page_id=1176"},"modified":"2023-11-24T07:11:31","modified_gmt":"2023-11-24T07:11:31","slug":"privacy-and-cookies-policy","status":"publish","type":"page","link":"https:\/\/roulaitte.com\/pt\/privacy-and-cookies-policy\/","title":{"rendered":"Pol\u00edtica de privacidade e cookies"},"content":{"rendered":"<div data-elementor-type=\"wp-page\" data-elementor-id=\"1176\" class=\"elementor elementor-1176\" data-elementor-post-type=\"page\">\n\t\t\t\t\t\t\t<div class=\"elementor-element elementor-element-37b2748 e-flex e-con-boxed e-con e-parent\" data-id=\"37b2748\" data-element_type=\"container\" data-settings=\"{&quot;content_width&quot;:&quot;boxed&quot;}\" data-core-v316-plus=\"true\">\n\t\t\t\t\t<div class=\"e-con-inner\">\n\t\t\t\t<div class=\"elementor-element elementor-element-6ed48b6 elementor-widget elementor-widget-spacer\" data-id=\"6ed48b6\" data-element_type=\"widget\" data-widget_type=\"spacer.default\">\n\t\t\t\t<div class=\"elementor-widget-container\">\n\t\t\t<style>\/*! elementor - v3.16.0 - 20-09-2023 *\/\n.elementor-column .elementor-spacer-inner{height:var(--spacer-size)}.e-con{--container-widget-width:100%}.e-con-inner>.elementor-widget-spacer,.e-con>.elementor-widget-spacer{width:var(--container-widget-width,var(--spacer-size));--align-self:var(--container-widget-align-self,initial);--flex-shrink:0}.e-con-inner>.elementor-widget-spacer>.elementor-widget-container,.e-con>.elementor-widget-spacer>.elementor-widget-container{height:100%;width:100%}.e-con-inner>.elementor-widget-spacer>.elementor-widget-container>.elementor-spacer,.e-con>.elementor-widget-spacer>.elementor-widget-container>.elementor-spacer{height:100%}.e-con-inner>.elementor-widget-spacer>.elementor-widget-container>.elementor-spacer>.elementor-spacer-inner,.e-con>.elementor-widget-spacer>.elementor-widget-container>.elementor-spacer>.elementor-spacer-inner{height:var(--container-widget-height,var(--spacer-size))}.e-con-inner>.elementor-widget-spacer.elementor-widget-empty,.e-con>.elementor-widget-spacer.elementor-widget-empty{position:relative;min-height:22px;min-width:22px}.e-con-inner>.elementor-widget-spacer.elementor-widget-empty .elementor-widget-empty-icon,.e-con>.elementor-widget-spacer.elementor-widget-empty .elementor-widget-empty-icon{position:absolute;top:0;bottom:0;left:0;right:0;margin:auto;padding:0;width:22px;height:22px}<\/style>\t\t<div class=\"elementor-spacer\">\n\t\t\t<div class=\"elementor-spacer-inner\"><\/div>\n\t\t<\/div>\n\t\t\t\t<\/div>\n\t\t\t\t<\/div>\n\t\t\t\t\t<\/div>\n\t\t\t\t<\/div>\n\t\t<div class=\"elementor-element elementor-element-3ab1559 e-flex e-con-boxed e-con e-parent\" data-id=\"3ab1559\" data-element_type=\"container\" data-settings=\"{&quot;content_width&quot;:&quot;boxed&quot;}\" data-core-v316-plus=\"true\">\n\t\t\t\t\t<div class=\"e-con-inner\">\n\t\t\t\t<div class=\"elementor-element elementor-element-5a4f9fb elementor-widget elementor-widget-heading\" data-id=\"5a4f9fb\" data-element_type=\"widget\" data-widget_type=\"heading.default\">\n\t\t\t\t<div class=\"elementor-widget-container\">\n\t\t\t<style>\/*! elementor - v3.16.0 - 20-09-2023 *\/\n.elementor-heading-title{padding:0;margin:0;line-height:1}.elementor-widget-heading .elementor-heading-title[class*=elementor-size-]>a{color:inherit;font-size:inherit;line-height:inherit}.elementor-widget-heading .elementor-heading-title.elementor-size-small{font-size:15px}.elementor-widget-heading .elementor-heading-title.elementor-size-medium{font-size:19px}.elementor-widget-heading .elementor-heading-title.elementor-size-large{font-size:29px}.elementor-widget-heading .elementor-heading-title.elementor-size-xl{font-size:39px}.elementor-widget-heading .elementor-heading-title.elementor-size-xxl{font-size:59px}<\/style><h2 class=\"elementor-heading-title elementor-size-default\">POL\u00cdTICA DE PRIVACIDADE E COOKIES<\/h2>\t\t<\/div>\n\t\t\t\t<\/div>\n\t\t\t\t<div class=\"elementor-element elementor-element-5855f6a elementor-widget elementor-widget-text-editor\" data-id=\"5855f6a\" data-element_type=\"widget\" data-widget_type=\"text-editor.default\">\n\t\t\t\t<div class=\"elementor-widget-container\">\n\t\t\t<style>\/*! elementor - v3.16.0 - 20-09-2023 *\/\n.elementor-widget-text-editor.elementor-drop-cap-view-stacked .elementor-drop-cap{background-color:#69727d;color:#fff}.elementor-widget-text-editor.elementor-drop-cap-view-framed .elementor-drop-cap{color:#69727d;border:3px solid;background-color:transparent}.elementor-widget-text-editor:not(.elementor-drop-cap-view-default) .elementor-drop-cap{margin-top:8px}.elementor-widget-text-editor:not(.elementor-drop-cap-view-default) .elementor-drop-cap-letter{width:1em;height:1em}.elementor-widget-text-editor .elementor-drop-cap{float:left;text-align:center;line-height:1;font-size:50px}.elementor-widget-text-editor .elementor-drop-cap-letter{display:inline-block}<\/style>\t\t\t\t<ol><li><span style=\"font-weight: 400;\">\u00a0Informa\u00e7\u00f5es que coletamos sobre voc\u00ea<\/span><\/li><\/ol><p><span style=\"font-weight: 400;\">Os tipos de informa\u00e7\u00f5es que coletamos sobre voc\u00ea quando voc\u00ea visita e interage com este site s\u00e3o:<\/span><\/p><ul><li><span style=\"font-weight: 400;\">Seus dados de contato, como nome e endere\u00e7o de e-mail onde voc\u00ea nos contatou atrav\u00e9s deste site; ou<\/span><\/li><li><span style=\"font-weight: 400;\">Se voc\u00ea concordou com cookies, dados como prefer\u00eancias do site ou configura\u00e7\u00f5es de idioma. Tamb\u00e9m podemos usar essas informa\u00e7\u00f5es de forma agregada para entender como nossos visitantes navegam neste site, para que possamos melhor\u00e1-lo.<\/span><\/li><\/ul><p><span style=\"font-weight: 400;\">Os cookies seguem os requisitos do GDPR. N\u00e3o coletaremos intencionalmente nenhuma informa\u00e7\u00e3o de menores de 13 anos de idade. Nosso site e servi\u00e7os s\u00e3o direcionados a pessoas com pelo menos 18 anos de idade ou mais.<\/span><\/p><ol><li><span style=\"font-weight: 400;\">Informa\u00e7\u00f5es pessoais \u2013 Dados de associa\u00e7\u00e3o<\/span><\/li><\/ol><p><span style=\"font-weight: 400;\">\u00a0<\/span><\/p><p><span style=\"font-weight: 400;\">Coletamos suas informa\u00e7\u00f5es pessoais:<\/span><\/p><p><span style=\"font-weight: 400;\">\u2013 Se voc\u00ea criar uma conta conosco, usaremos cookies para o gerenciamento do processo de inscri\u00e7\u00e3o e administra\u00e7\u00e3o geral. Esses cookies geralmente ser\u00e3o exclu\u00eddos quando voc\u00ea sair. No entanto, em alguns casos, eles podem permanecer posteriormente para lembrar as prefer\u00eancias do seu site quando voc\u00ea estiver desconectado.<\/span><\/p><p><span style=\"font-weight: 400;\">-Usamos cookies quando voc\u00ea est\u00e1 logado para que possamos lembrar desse fato. Isso evita que voc\u00ea tenha que fazer login sempre que visitar uma nova p\u00e1gina. Esses cookies normalmente s\u00e3o removidos ou apagados quando voc\u00ea sai para garantir que voc\u00ea s\u00f3 possa acessar recursos e \u00e1reas restritas quando estiver conectado.<\/span><\/p><p><span style=\"font-weight: 400;\">\u2013 Para emitir um recibo de servi\u00e7os pagos, tamb\u00e9m precisamos coletar dados de contato adicionais sobre voc\u00ea ou sua empresa, como nome completo, e-mail, endere\u00e7o de contato, nome comercial e atividade comercial. N\u00e3o coletamos nem armazenamos as informa\u00e7\u00f5es do seu cart\u00e3o de cr\u00e9dito. Todos os pagamentos s\u00e3o cobrados atrav\u00e9s de cart\u00f5es de cr\u00e9dito; portanto, tamb\u00e9m podemos armazenar o ID da transa\u00e7\u00e3o Paypal.<\/span><\/p><p><span style=\"font-weight: 400;\">\u00a0<\/span><\/p><ol><li><span style=\"font-weight: 400;\">Participa\u00e7\u00e3o em pesquisas atrav\u00e9s do Roulaitte.com<\/span><\/li><\/ol><p><span style=\"font-weight: 400;\">Ocasionalmente, oferecemos pesquisas e question\u00e1rios aos usu\u00e1rios para fornecer informa\u00e7\u00f5es interessantes, ferramentas \u00fateis ou para entender nossa base de usu\u00e1rios com mais precis\u00e3o. Essas pesquisas podem usar cookies para lembrar quem j\u00e1 participou de uma pesquisa ou para fornecer resultados precisos ap\u00f3s voc\u00ea mudar de p\u00e1gina. Para lhe proporcionar uma \u00f3tima experi\u00eancia neste site, fornecemos a funcionalidade para definir suas prefer\u00eancias sobre como este site funciona quando voc\u00ea o utiliza. Para lembrar as suas prefer\u00eancias, precisamos definir cookies para que esta informa\u00e7\u00e3o possa ser chamada sempre que a sua intera\u00e7\u00e3o com uma p\u00e1gina for afetada pelas suas prefer\u00eancias.<\/span><\/p><ol><li><span style=\"font-weight: 400;\">Tratamento dos seus dados pessoais<\/span><\/li><\/ol><p><span style=\"font-weight: 400;\">Roulaitte.com processar\u00e1 seus dados pessoais com base em:<\/span><\/p><p><span style=\"font-weight: 400;\">\u2013 Nossos interesses comerciais leg\u00edtimos, por exemplo, fornecimento de servi\u00e7os, prefer\u00eancias em jogos de roleta de cassino, resultados anteriores de participa\u00e7\u00e3o no servi\u00e7o, marketing direto e melhoria de nossos servi\u00e7os. Sempre que nos baseamos nesta base legal para processar os seus dados, avaliamos os nossos interesses comerciais para garantir que n\u00e3o se sobrep\u00f5em aos seus direitos. Al\u00e9m disso, em alguns casos, voc\u00ea tem o direito de se opor a esse processamento.<\/span><\/p><p><span style=\"font-weight: 400;\">\u2013 O consentimento que voc\u00ea fornece quando Roulaitte.com n\u00e3o depende de outra base legal. O consentimento ser\u00e1 sempre apresentado separadamente a voc\u00ea, poder\u00e1 ser retirado a qualquer momento e voc\u00ea receber\u00e1 detalhes sobre como mudar de ideia.<\/span><\/p><ol><li><span style=\"font-weight: 400;\">Compartilhando dados pessoais<\/span><\/li><\/ol><p><span style=\"font-weight: 400;\">Alguns dos servi\u00e7os ou informa\u00e7\u00f5es que voc\u00ea pode solicitar neste site podem vir de outros membros do nosso Grupo corporativo. Portanto, poderemos compartilhar suas informa\u00e7\u00f5es com outras empresas do Grupo Roulaitte (exclusivamente Subcontratados\/terceiros de confian\u00e7a). As leis dos pa\u00edses onde estas empresas est\u00e3o sediadas podem n\u00e3o ser as mesmas da UE, mas as suas informa\u00e7\u00f5es ser\u00e3o tratadas com o mesmo elevado padr\u00e3o de cuidado onde quer que sejam processadas dentro da fam\u00edlia empresarial.<\/span><\/p><ol><li><span style=\"font-weight: 400;\">Desativando Cookies<\/span><\/li><\/ol><p><span style=\"font-weight: 400;\">Voc\u00ea pode impedir a configura\u00e7\u00e3o de cookies ajustando as configura\u00e7\u00f5es do seu navegador (consulte a Ajuda do seu navegador para saber como fazer isso). Esteja ciente de que a desativa\u00e7\u00e3o de cookies afetar\u00e1 a funcionalidade deste e de muitos outros sites que voc\u00ea visita. A desativa\u00e7\u00e3o de cookies geralmente resultar\u00e1 na desativa\u00e7\u00e3o de determinadas funcionalidades e recursos deste site. Portanto, \u00e9 recomendado que voc\u00ea n\u00e3o desative os cookies.<\/span><\/p><ol><li><span style=\"font-weight: 400;\">Cookies de terceiros<\/span><\/li><\/ol><p><span style=\"font-weight: 400;\">Em alguns casos especiais, tamb\u00e9m utilizamos cookies fornecidos por terceiros confi\u00e1veis. A se\u00e7\u00e3o a seguir detalha quais cookies de terceiros voc\u00ea pode encontrar neste site.<\/span><\/p><p><span style=\"font-weight: 400;\">Este site usa o Google Analytics, que \u00e9 uma das solu\u00e7\u00f5es anal\u00edticas mais difundidas e confi\u00e1veis da web para nos ajudar a entender como voc\u00ea usa o site e como podemos melhorar sua experi\u00eancia. Esses cookies podem rastrear coisas como quanto tempo voc\u00ea passa no site e as p\u00e1ginas que voc\u00ea visita, para que possamos continuar a produzir conte\u00fado envolvente.<\/span><\/p><p><span style=\"font-weight: 400;\">An\u00e1lises de terceiros s\u00e3o usadas para rastrear e medir o uso deste site para que possamos continuar a produzir conte\u00fado envolvente. Esses cookies podem rastrear coisas como quanto tempo voc\u00ea passa no site ou nas p\u00e1ginas que voc\u00ea visita, o que nos ajuda a entender como podemos melhorar o site para voc\u00ea.<\/span><\/p><p><span style=\"font-weight: 400;\">De tempos em tempos, testamos novos recursos e fazemos altera\u00e7\u00f5es sutis na forma como o site \u00e9 entregue. Quando ainda estamos testando novos recursos, esses cookies podem ser usados para garantir que voc\u00ea receba uma experi\u00eancia consistente enquanto estiver no site, garantindo ao mesmo tempo que entendemos quais otimiza\u00e7\u00f5es nossos usu\u00e1rios mais apreciam.<\/span><\/p><p><span style=\"font-weight: 400;\">\u00c0 medida que vendemos Servi\u00e7os, \u00e9 importante compreendermos as estat\u00edsticas sobre quantos visitantes do nosso site compram assinaturas e, como tal, esse \u00e9 o tipo de dados que esses cookies rastrear\u00e3o. Isto \u00e9 importante para voc\u00ea, pois significa que podemos fazer previs\u00f5es de neg\u00f3cios com precis\u00e3o que nos permitem monitorar os custos de nossa publicidade e servi\u00e7os para garantir o melhor pre\u00e7o poss\u00edvel.<\/span><\/p><p><span style=\"font-weight: 400;\">V\u00e1rios parceiros anunciam em nosso nome, e os cookies de rastreamento de afiliados simplesmente nos permitem ver se nossos clientes acessaram o site por meio de um de nossos sites parceiros, para que possamos credit\u00e1-los adequadamente e, quando aplic\u00e1vel, permitir que nossos parceiros afiliados forne\u00e7am qualquer b\u00f4nus que eles pode fornecer a voc\u00ea para fazer uma compra.<\/span><\/p><ol><li><span style=\"font-weight: 400;\">Seus direitos<\/span><\/li><\/ol><p><span style=\"font-weight: 400;\">De acordo com a lei, voc\u00ea tem v\u00e1rios direitos que pode exercer gratuitamente. Inclu\u00edmos um resumo deles abaixo; se desejar discutir ou exercitar algum deles, entre em contato conosco atrav\u00e9s dos dados fornecidos.<\/span><\/p><ol><li><span style=\"font-weight: 400;\"> \u00a0 \u00a0 Direito de corrigir dados pessoais<\/span><\/li><\/ol><p><span style=\"font-weight: 400;\">Se voc\u00ea acredita que algum dos dados pessoais que mantemos sobre voc\u00ea est\u00e1 incorreto, voc\u00ea pode solicitar que os atualizemos.<\/span><\/p><ol start=\"2\"><li><span style=\"font-weight: 400;\"> \u00a0 \u00a0 Direito de acesso aos dados pessoais<\/span><\/li><\/ol><p><span style=\"font-weight: 400;\">Voc\u00ea tem o direito de solicitar uma c\u00f3pia das informa\u00e7\u00f5es que mantemos sobre voc\u00ea e como elas foram processadas.<\/span><\/p><ol start=\"3\"><li><span style=\"font-weight: 400;\"> \u00a0 \u00a0 Direito \u00e0 portabilidade dos dados<\/span><\/li><\/ol><p><span style=\"font-weight: 400;\">Em algumas circunst\u00e2ncias, voc\u00ea tem o direito de receber as informa\u00e7\u00f5es pessoais sobre voc\u00ea que nos forneceu, em um formato estruturado, comumente usado e leg\u00edvel por m\u00e1quina, e tem o direito de transmitir esses dados a terceiros.<\/span><\/p><ol start=\"4\"><li><span style=\"font-weight: 400;\"> \u00a0 \u00a0 Direito de oposi\u00e7\u00e3o \u00e0 utiliza\u00e7\u00e3o de dados pessoais<\/span><\/li><\/ol><p><span style=\"font-weight: 400;\">Quando estivermos processando seus dados para fins de marketing direto ou quaisquer interesses leg\u00edtimos nos quais Roulaitte.com dependa, voc\u00ea poder\u00e1 se opor a qualquer momento a esse processamento.<\/span><\/p><ol start=\"5\"><li><span style=\"font-weight: 400;\"> \u00a0 \u00a0 Direito de restringir o uso dos seus dados<\/span><\/li><\/ol><p><span style=\"font-weight: 400;\">Em algumas circunst\u00e2ncias, poder\u00e1 solicitar a suspens\u00e3o tempor\u00e1ria do tratamento dos seus dados.<\/span><\/p><ol start=\"6\"><li><span style=\"font-weight: 400;\"> \u00a0 \u00a0 Direito ao apagamento<\/span><\/li><\/ol><p><span style=\"font-weight: 400;\">Em algumas circunst\u00e2ncias, como quando n\u00e3o tivermos mais um motivo justific\u00e1vel para continuar a processar seus dados, voc\u00ea poder\u00e1 solicitar que os excluamos.<\/span><\/p><ol start=\"7\"><li><span style=\"font-weight: 400;\"> \u00a0 \u00a0 Como apresentar uma reclama\u00e7\u00e3o<\/span><\/li><\/ol><p><span style=\"font-weight: 400;\">Se voc\u00ea tiver uma reclama\u00e7\u00e3o, pode entrar em contato conosco atrav\u00e9s dos dados fornecidos. Faremos o nosso melhor para ajudar.<\/span><\/p><ol><li><span style=\"font-weight: 400;\">Sua permiss\u00e3o<\/span><\/li><\/ol><p><span style=\"font-weight: 400;\">Ao utilizar nosso site e\/ou nosso Servi\u00e7o, voc\u00ea concorda com esta Pol\u00edtica de Privacidade e Cookies.<\/span><\/p><p><span style=\"font-weight: 400;\">\u00a0<\/span><\/p><ol><li><span style=\"font-weight: 400;\">Altera\u00e7\u00f5es na nossa Pol\u00edtica de Privacidade<\/span><\/li><\/ol><p><span style=\"font-weight: 400;\">Esta Pol\u00edtica de Privacidade e Cookies pode ser modificada de tempos em tempos, portanto, revise-a com frequ\u00eancia. Se alterarmos materialmente a forma como usamos ou compartilhamos informa\u00e7\u00f5es pessoais previamente coletadas de voc\u00ea por meio de nosso Servi\u00e7o, iremos notific\u00e1-lo por meio de nosso Servi\u00e7o.<\/span><\/p><p><span style=\"font-weight: 400;\">As altera\u00e7\u00f5es na Pol\u00edtica de Privacidade e Cookies aparecer\u00e3o nesta p\u00e1gina, e a modifica\u00e7\u00e3o da Pol\u00edtica de Privacidade e Cookies ser\u00e1 atualizada (data no final desta p\u00e1gina)<\/span><\/p><p>\u00a0<\/p>\t\t\t\t\t\t<\/div>\n\t\t\t\t<\/div>\n\t\t\t\t\t<\/div>\n\t\t\t\t<\/div>\n\t\t\t\t\t\t\t<\/div>","protected":false},"excerpt":{"rendered":"<p>POL\u00cdTICA DE PRIVACIDADE E COOKIES Informa\u00e7\u00f5es que coletamos sobre voc\u00ea Os tipos de informa\u00e7\u00f5es que coletamos sobre voc\u00ea quando voc\u00ea visita e interage com este site s\u00e3o: Seus dados de contato, como nome e endere\u00e7o de e-mail onde voc\u00ea nos contatou atrav\u00e9s deste site; ou Se voc\u00ea concordou com cookies, dados como o seu site [...]<\/p>","protected":false},"author":1,"featured_media":0,"parent":0,"menu_order":0,"comment_status":"closed","ping_status":"closed","template":"","meta":{"footnotes":""},"class_list":["post-1176","page","type-page","status-publish","hentry"],"yoast_head":"<!-- This site is optimized with the Yoast SEO Premium plugin v19.2.1 (Yoast SEO v19.6.1) - https:\/\/yoast.com\/wordpress\/plugins\/seo\/ -->\n<title>Privacy and cookies policy - Roulaitte<\/title>\n<meta name=\"robots\" content=\"index, follow, max-snippet:-1, max-image-preview:large, max-video-preview:-1\" \/>\n<link rel=\"canonical\" href=\"https:\/\/roulaitte.com\/pt\/privacy-and-cookies-policy\/\" \/>\n<meta property=\"og:locale\" content=\"pt_PT\" \/>\n<meta property=\"og:type\" content=\"article\" \/>\n<meta property=\"og:title\" content=\"Privacy and cookies policy\" \/>\n<meta property=\"og:description\" content=\"PRIVACY AND COOKIES POLICY \u00a0Information we collect about you The types of information we collect about you when you visit and interact with this site are: Your contact details such as name and email address where you have contacted us through this site; or If you have agreed to cookies, data such as your site [&hellip;]\" \/>\n<meta property=\"og:url\" content=\"https:\/\/roulaitte.com\/pt\/privacy-and-cookies-policy\/\" \/>\n<meta property=\"og:site_name\" content=\"Roulaitte\" \/>\n<meta property=\"article:modified_time\" content=\"2023-11-24T07:11:31+00:00\" \/>\n<meta name=\"twitter:card\" content=\"summary_large_image\" \/>\n<meta name=\"twitter:label1\" content=\"Tempo estimado de leitura\" \/>\n\t<meta name=\"twitter:data1\" content=\"7 minutos\" \/>\n<script type=\"application\/ld+json\" class=\"yoast-schema-graph\">{\"@context\":\"https:\/\/schema.org\",\"@graph\":[{\"@type\":\"WebPage\",\"@id\":\"https:\/\/roulaitte.com\/privacy-and-cookies-policy\/\",\"url\":\"https:\/\/roulaitte.com\/privacy-and-cookies-policy\/\",\"name\":\"Privacy and cookies policy - Roulaitte\",\"isPartOf\":{\"@id\":\"https:\/\/roulaitte.com\/#website\"},\"datePublished\":\"2023-11-24T00:02:09+00:00\",\"dateModified\":\"2023-11-24T07:11:31+00:00\",\"breadcrumb\":{\"@id\":\"https:\/\/roulaitte.com\/privacy-and-cookies-policy\/#breadcrumb\"},\"inLanguage\":\"pt-PT\",\"potentialAction\":[{\"@type\":\"ReadAction\",\"target\":[\"https:\/\/roulaitte.com\/privacy-and-cookies-policy\/\"]}]},{\"@type\":\"BreadcrumbList\",\"@id\":\"https:\/\/roulaitte.com\/privacy-and-cookies-policy\/#breadcrumb\",\"itemListElement\":[{\"@type\":\"ListItem\",\"position\":1,\"name\":\"Home\",\"item\":\"https:\/\/roulaitte.com\/\"},{\"@type\":\"ListItem\",\"position\":2,\"name\":\"Privacy and cookies policy\"}]},{\"@type\":\"WebSite\",\"@id\":\"https:\/\/roulaitte.com\/#website\",\"url\":\"https:\/\/roulaitte.com\/\",\"name\":\"Roulaitte\",\"description\":\"AI and ML Predictions and Bankroll Management\",\"potentialAction\":[{\"@type\":\"SearchAction\",\"target\":{\"@type\":\"EntryPoint\",\"urlTemplate\":\"https:\/\/roulaitte.com\/?s={search_term_string}\"},\"query-input\":\"required name=search_term_string\"}],\"inLanguage\":\"pt-PT\"}]}<\/script>\n<!-- \/ Yoast SEO Premium plugin. -->","yoast_head_json":{"title":"Privacy and cookies policy - Roulaitte","robots":{"index":"index","follow":"follow","max-snippet":"max-snippet:-1","max-image-preview":"max-image-preview:large","max-video-preview":"max-video-preview:-1"},"canonical":"https:\/\/roulaitte.com\/pt\/privacy-and-cookies-policy\/","og_locale":"pt_PT","og_type":"article","og_title":"Privacy and cookies policy","og_description":"PRIVACY AND COOKIES POLICY \u00a0Information we collect about you The types of information we collect about you when you visit and interact with this site are: Your contact details such as name and email address where you have contacted us through this site; or If you have agreed to cookies, data such as your site [&hellip;]","og_url":"https:\/\/roulaitte.com\/pt\/privacy-and-cookies-policy\/","og_site_name":"Roulaitte","article_modified_time":"2023-11-24T07:11:31+00:00","twitter_card":"summary_large_image","twitter_misc":{"Tempo estimado de leitura":"7 minutos"},"schema":{"@context":"https:\/\/schema.org","@graph":[{"@type":"WebPage","@id":"https:\/\/roulaitte.com\/privacy-and-cookies-policy\/","url":"https:\/\/roulaitte.com\/privacy-and-cookies-policy\/","name":"Privacy and cookies policy - Roulaitte","isPartOf":{"@id":"https:\/\/roulaitte.com\/#website"},"datePublished":"2023-11-24T00:02:09+00:00","dateModified":"2023-11-24T07:11:31+00:00","breadcrumb":{"@id":"https:\/\/roulaitte.com\/privacy-and-cookies-policy\/#breadcrumb"},"inLanguage":"pt-PT","potentialAction":[{"@type":"ReadAction","target":["https:\/\/roulaitte.com\/privacy-and-cookies-policy\/"]}]},{"@type":"BreadcrumbList","@id":"https:\/\/roulaitte.com\/privacy-and-cookies-policy\/#breadcrumb","itemListElement":[{"@type":"ListItem","position":1,"name":"Home","item":"https:\/\/roulaitte.com\/"},{"@type":"ListItem","position":2,"name":"Privacy and cookies policy"}]},{"@type":"WebSite","@id":"https:\/\/roulaitte.com\/#website","url":"https:\/\/roulaitte.com\/","name":"Roulaitte","description":"AI and ML Predictions and Bankroll Management","potentialAction":[{"@type":"SearchAction","target":{"@type":"EntryPoint","urlTemplate":"https:\/\/roulaitte.com\/?s={search_term_string}"},"query-input":"required name=search_term_string"}],"inLanguage":"pt-PT"}]}},"_links":{"self":[{"href":"https:\/\/roulaitte.com\/pt\/wp-json\/wp\/v2\/pages\/1176","targetHints":{"allow":["GET"]}}],"collection":[{"href":"https:\/\/roulaitte.com\/pt\/wp-json\/wp\/v2\/pages"}],"about":[{"href":"https:\/\/roulaitte.com\/pt\/wp-json\/wp\/v2\/types\/page"}],"author":[{"embeddable":true,"href":"https:\/\/roulaitte.com\/pt\/wp-json\/wp\/v2\/users\/1"}],"replies":[{"embeddable":true,"href":"https:\/\/roulaitte.com\/pt\/wp-json\/wp\/v2\/comments?post=1176"}],"version-history":[{"count":0,"href":"https:\/\/roulaitte.com\/pt\/wp-json\/wp\/v2\/pages\/1176\/revisions"}],"wp:attachment":[{"href":"https:\/\/roulaitte.com\/pt\/wp-json\/wp\/v2\/media?parent=1176"}],"curies":[{"name":"wp","href":"https:\/\/api.w.org\/{rel}","templated":true}]}}